{"id":1352,"date":"2019-02-27T22:58:12","date_gmt":"2019-02-27T22:58:12","guid":{"rendered":"http:\/\/panamacanalpilots.com\/es\/contact-us\/"},"modified":"2019-02-27T22:58:13","modified_gmt":"2019-02-27T22:58:13","slug":"contact-us","status":"publish","type":"page","link":"https:\/\/panamacanalpilots.com\/en\/contact-us\/","title":{"rendered":"Contact Us"},"content":{"rendered":"<div class=\"wpb-content-wrapper\"><p>[vc_row gap=&#8221;30&#8243; equal_height=&#8221;yes&#8221; type=&#8221;vc_default&#8221; css=&#8221;.vc_custom_1495106084943{padding-right: 25px !important;padding-bottom: 40px !important;padding-left: 25px !important;}&#8221;][vc_column css=&#8221;.vc_custom_1495106016533{margin-bottom: 30px !important;padding-top: 30px !important;padding-right: 30px !important;padding-bottom: 40px !important;padding-left: 30px !important;background-color: #f4f4f4 !important;}&#8221; offset=&#8221;vc_col-lg-offset-0 vc_col-lg-6 vc_col-md-offset-0 vc_col-md-6 vc_col-sm-offset-0&#8243;]<div id=\"ultimate-heading-697169dc32f03309c\" class=\"uvc-heading ult-adjust-bottom-margin ultimate-heading-697169dc32f03309c uvc-5359 \" data-hspacer=\"no_spacer\"  data-halign=\"left\" style=\"text-align:left\"><div class=\"uvc-heading-spacer no_spacer\" style=\"top\"><\/div><div class=\"uvc-main-heading ult-responsive\"  data-ultimate-target='.uvc-heading.ultimate-heading-697169dc32f03309c h2'  data-responsive-json-new='{\"font-size\":\"desktop:26px;\",\"line-height\":\"desktop:36px;\"}' ><h2 style=\"font-weight:bold;margin-bottom:30px;\">Ubication<\/h2><\/div><div class=\"uvc-sub-heading ult-responsive\"  data-ultimate-target='.uvc-heading.ultimate-heading-697169dc32f03309c .uvc-sub-heading '  data-responsive-json-new='{\"font-size\":\"\",\"line-height\":\"\"}'  style=\"font-weight:normal;\"><\/p>\n<p>&nbsp;<\/p>\n<p><span id=\"zoho_button_ext\" style=\"display: none; position: absolute; z-index: 99999999; width: 80px; height: 31px; background-image: url('safari-extension:\/\/com.yourcompany.zohosocialshare-TZ824L8Y37\/b23e3fc4\/images\/zshare.png'); background-size: 80px 31px; opacity: 0.9; cursor: pointer; top: 0px; left: 0px;\"><\/span><\/div><\/div>[vc_single_image image=&#8221;1345&#8243; img_size=&#8221;large&#8221; alignment=&#8221;center&#8221;]<div class=\"gap\" style=\"line-height: 10px; height: 10px;\"><\/div>[vc_column_text]<b>Ubication:<\/b>\u00a0Building 806, Avenida Arnulfo Arias Madrid, Balboa, Ancon, Republic of Panama.<\/p>\n<p>[\/vc_column_text][\/vc_column][vc_column css=&#8221;.vc_custom_1495106021822{margin-bottom: 30px !important;padding-top: 30px !important;padding-right: 30px !important;padding-bottom: 40px !important;padding-left: 30px !important;background-color: #f4f4f4 !important;}&#8221; offset=&#8221;vc_col-lg-6 vc_col-md-6&#8243;]<div id=\"ultimate-heading-60669dc32f0331da\" class=\"uvc-heading ult-adjust-bottom-margin ultimate-heading-60669dc32f0331da uvc-2805 \" data-hspacer=\"no_spacer\"  data-halign=\"left\" style=\"text-align:left\"><div class=\"uvc-heading-spacer no_spacer\" style=\"top\"><\/div><div class=\"uvc-main-heading ult-responsive\"  data-ultimate-target='.uvc-heading.ultimate-heading-60669dc32f0331da h2'  data-responsive-json-new='{\"font-size\":\"desktop:26px;\",\"line-height\":\"desktop:36px;\"}' ><h2 style=\"font-weight:bold;margin-bottom:30px;\">Contact Form<\/h2><\/div><div class=\"uvc-sub-heading ult-responsive\"  data-ultimate-target='.uvc-heading.ultimate-heading-60669dc32f0331da .uvc-sub-heading '  data-responsive-json-new='{\"font-size\":\"\",\"line-height\":\"\"}'  style=\"font-weight:normal;\"><\/p>\n<p>&nbsp;<\/p>\n<p><span id=\"zoho_button_ext\" style=\"display: none; position: absolute; z-index: 99999999; width: 80px; height: 31px; background-image: url('safari-extension:\/\/com.yourcompany.zohosocialshare-TZ824L8Y37\/b23e3fc4\/images\/zshare.png'); background-size: 80px 31px; opacity: 0.9; cursor: pointer; top: 0px; left: 0px;\"><\/span><\/div><\/div><form class=\"dt-contact-form dt-form\" method=\"post\"><input type=\"hidden\" name=\"widget_id\" value=\"presscore-contact-form-widget--1\" \/><input type=\"hidden\" name=\"send_message\" value=\"\" \/><input type=\"hidden\" name=\"security_token\" value=\"eaf56221a9bdb5bba819\"\/><div class=\"form-fields\"><span class=\"form-name\"><label class=\"assistive-text\">Name *<\/label><input type=\"text\" class=\"validate[required]\" placeholder=\"Name *\" name=\"name\" value=\"\" aria-required=\"true\">\n<\/span><span class=\"form-mail\"><label class=\"assistive-text\">E-mail *<\/label><input type=\"text\" class=\"validate[required,custom[email]]\" placeholder=\"E-mail *\" name=\"email\" value=\"\" aria-required=\"true\">\n<\/span><span class=\"form-telephone\"><label class=\"assistive-text\">Telephone<\/label><input type=\"text\" placeholder=\"Telephone\" name=\"telephone\" value=\"\" aria-required=\"false\">\n<\/span><\/div><span class=\"form-message\"><label class=\"assistive-text\">Message<\/label><textarea placeholder=\"Message\" name=\"message\" rows=\"7\" aria-required=\"false\"><\/textarea>\n<\/span><p><a href=\"#\" class=\"dt-btn dt-btn-m dt-btn-submit\" rel=\"nofollow\"><span>Send Message<\/span><\/a><input class=\"assistive-text\" type=\"submit\" value=\"submit\"><\/p><\/form>\n<div class=\"gap\" style=\"line-height: 10px; height: 10px;\"><\/div>[vc_column_text]<b>P.O. BOX<\/b>\u00a00843-00541<\/p>\n<p><b>Phone:<\/b>\u00a0+507 228-4015 \/ +507 314-1026<\/p>\n<p><b>Fax:<\/b>\u00a0+507 228-4125<\/p>\n<p><b>info@panamacanalpilots.com<\/b><\/p>\n<p>&nbsp;[\/vc_column_text][\/vc_column][\/vc_row]<\/p>\n<\/div>","protected":false},"excerpt":{"rendered":"<p>[vc_row gap=&#8221;30&#8243; equal_height=&#8221;yes&#8221; type=&#8221;vc_default&#8221; css=&#8221;.vc_custom_1495106084943{padding-right: 25px !important;padding-bottom: 40px !important;padding-left: 25px !important;}&#8221;][vc_column css=&#8221;.vc_custom_1495106016533{margin-bottom: 30px !important;padding-top: 30px !important;padding-right: 30px !important;padding-bottom: 40px !important;padding-left: 30px !important;background-color: #f4f4f4 !important;}&#8221; offset=&#8221;vc_col-lg-offset-0 vc_col-lg-6 vc_col-md-offset-0 vc_col-md-6 vc_col-sm-offset-0&#8243;][vc_single_image image=&#8221;1345&#8243; img_size=&#8221;large&#8221; alignment=&#8221;center&#8221;][vc_column_text]Ubication:\u00a0Building 806, Avenida Arnulfo Arias Madrid, Balboa, Ancon, Republic of Panama. [\/vc_column_text][\/vc_column][vc_column css=&#8221;.vc_custom_1495106021822{margin-bottom: 30px !important;padding-top: 30px !important;padding-right: 30px !important;padding-bottom: 40px !important;padding-left: 30px !important;background-color: #f4f4f4&hellip;<\/p>\n","protected":false},"author":1,"featured_media":0,"parent":0,"menu_order":4,"comment_status":"closed","ping_status":"closed","template":"","meta":{"footnotes":""},"class_list":["post-1352","page","type-page","status-publish","hentry","description-off"],"yoast_head":"<!-- This site is optimized with the Yoast SEO plugin v27.2 - https:\/\/yoast.com\/product\/yoast-seo-wordpress\/ -->\n<title>Contact Us - Asociaci\u00f3n de Pr\u00e1cticos del Canal de Panam\u00e1<\/title>\n<meta name=\"robots\" content=\"index, follow, max-snippet:-1, max-image-preview:large, max-video-preview:-1\" \/>\n<link rel=\"canonical\" href=\"https:\/\/panamacanalpilots.com\/en\/contact-us\/\" \/>\n<meta property=\"og:locale\" content=\"en_US\" \/>\n<meta property=\"og:type\" content=\"article\" \/>\n<meta property=\"og:title\" content=\"Contact Us - Asociaci\u00f3n de Pr\u00e1cticos del Canal de Panam\u00e1\" \/>\n<meta property=\"og:description\" content=\"[vc_row gap=&#8221;30&#8243; equal_height=&#8221;yes&#8221; type=&#8221;vc_default&#8221; css=&#8221;.vc_custom_1495106084943{padding-right: 25px !important;padding-bottom: 40px !important;padding-left: 25px !important;}&#8221;][vc_column css=&#8221;.vc_custom_1495106016533{margin-bottom: 30px !important;padding-top: 30px !important;padding-right: 30px !important;padding-bottom: 40px !important;padding-left: 30px !important;background-color: #f4f4f4 !important;}&#8221; offset=&#8221;vc_col-lg-offset-0 vc_col-lg-6 vc_col-md-offset-0 vc_col-md-6 vc_col-sm-offset-0&#8243;][vc_single_image image=&#8221;1345&#8243; img_size=&#8221;large&#8221; alignment=&#8221;center&#8221;][vc_column_text]Ubication:\u00a0Building 806, Avenida Arnulfo Arias Madrid, Balboa, Ancon, Republic of Panama. [\/vc_column_text][\/vc_column][vc_column css=&#8221;.vc_custom_1495106021822{margin-bottom: 30px !important;padding-top: 30px !important;padding-right: 30px !important;padding-bottom: 40px !important;padding-left: 30px !important;background-color: #f4f4f4&hellip;\" \/>\n<meta property=\"og:url\" content=\"https:\/\/panamacanalpilots.com\/en\/contact-us\/\" \/>\n<meta property=\"og:site_name\" content=\"Asociaci\u00f3n de Pr\u00e1cticos del Canal de Panam\u00e1\" \/>\n<meta property=\"article:modified_time\" content=\"2019-02-27T22:58:13+00:00\" \/>\n<meta name=\"twitter:card\" content=\"summary_large_image\" \/>\n<meta name=\"twitter:label1\" content=\"Est. reading time\" \/>\n\t<meta name=\"twitter:data1\" content=\"1 minute\" \/>\n<script type=\"application\/ld+json\" class=\"yoast-schema-graph\">{\"@context\":\"https:\/\/schema.org\",\"@graph\":[{\"@type\":\"WebPage\",\"@id\":\"https:\/\/panamacanalpilots.com\/en\/contact-us\/\",\"url\":\"https:\/\/panamacanalpilots.com\/en\/contact-us\/\",\"name\":\"Contact Us - Asociaci\u00f3n de Pr\u00e1cticos del Canal de Panam\u00e1\",\"isPartOf\":{\"@id\":\"https:\/\/panamacanalpilots.com\/#website\"},\"datePublished\":\"2019-02-27T22:58:12+00:00\",\"dateModified\":\"2019-02-27T22:58:13+00:00\",\"breadcrumb\":{\"@id\":\"https:\/\/panamacanalpilots.com\/en\/contact-us\/#breadcrumb\"},\"inLanguage\":\"en-US\",\"potentialAction\":[{\"@type\":\"ReadAction\",\"target\":[\"https:\/\/panamacanalpilots.com\/en\/contact-us\/\"]}]},{\"@type\":\"BreadcrumbList\",\"@id\":\"https:\/\/panamacanalpilots.com\/en\/contact-us\/#breadcrumb\",\"itemListElement\":[{\"@type\":\"ListItem\",\"position\":1,\"name\":\"Portada\",\"item\":\"https:\/\/panamacanalpilots.com\/en\/\"},{\"@type\":\"ListItem\",\"position\":2,\"name\":\"Contact Us\"}]},{\"@type\":\"WebSite\",\"@id\":\"https:\/\/panamacanalpilots.com\/#website\",\"url\":\"https:\/\/panamacanalpilots.com\/\",\"name\":\"Asociaci\u00f3n de Pr\u00e1cticos del Canal de Panam\u00e1\",\"description\":\"Nuestra principal funci\u00f3n es garantizar un tr\u00e1nsito seguro y expedito, velando por el cumplimiento de las normas de navegaci\u00f3n locales e internacionales.\",\"potentialAction\":[{\"@type\":\"SearchAction\",\"target\":{\"@type\":\"EntryPoint\",\"urlTemplate\":\"https:\/\/panamacanalpilots.com\/?s={search_term_string}\"},\"query-input\":{\"@type\":\"PropertyValueSpecification\",\"valueRequired\":true,\"valueName\":\"search_term_string\"}}],\"inLanguage\":\"en-US\"}]}<\/script>\n<!-- \/ Yoast SEO plugin. -->","yoast_head_json":{"title":"Contact Us - Asociaci\u00f3n de Pr\u00e1cticos del Canal de Panam\u00e1","robots":{"index":"index","follow":"follow","max-snippet":"max-snippet:-1","max-image-preview":"max-image-preview:large","max-video-preview":"max-video-preview:-1"},"canonical":"https:\/\/panamacanalpilots.com\/en\/contact-us\/","og_locale":"en_US","og_type":"article","og_title":"Contact Us - Asociaci\u00f3n de Pr\u00e1cticos del Canal de Panam\u00e1","og_description":"[vc_row gap=&#8221;30&#8243; equal_height=&#8221;yes&#8221; type=&#8221;vc_default&#8221; css=&#8221;.vc_custom_1495106084943{padding-right: 25px !important;padding-bottom: 40px !important;padding-left: 25px !important;}&#8221;][vc_column css=&#8221;.vc_custom_1495106016533{margin-bottom: 30px !important;padding-top: 30px !important;padding-right: 30px !important;padding-bottom: 40px !important;padding-left: 30px !important;background-color: #f4f4f4 !important;}&#8221; offset=&#8221;vc_col-lg-offset-0 vc_col-lg-6 vc_col-md-offset-0 vc_col-md-6 vc_col-sm-offset-0&#8243;][vc_single_image image=&#8221;1345&#8243; img_size=&#8221;large&#8221; alignment=&#8221;center&#8221;][vc_column_text]Ubication:\u00a0Building 806, Avenida Arnulfo Arias Madrid, Balboa, Ancon, Republic of Panama. [\/vc_column_text][\/vc_column][vc_column css=&#8221;.vc_custom_1495106021822{margin-bottom: 30px !important;padding-top: 30px !important;padding-right: 30px !important;padding-bottom: 40px !important;padding-left: 30px !important;background-color: #f4f4f4&hellip;","og_url":"https:\/\/panamacanalpilots.com\/en\/contact-us\/","og_site_name":"Asociaci\u00f3n de Pr\u00e1cticos del Canal de Panam\u00e1","article_modified_time":"2019-02-27T22:58:13+00:00","twitter_card":"summary_large_image","twitter_misc":{"Est. reading time":"1 minute"},"schema":{"@context":"https:\/\/schema.org","@graph":[{"@type":"WebPage","@id":"https:\/\/panamacanalpilots.com\/en\/contact-us\/","url":"https:\/\/panamacanalpilots.com\/en\/contact-us\/","name":"Contact Us - Asociaci\u00f3n de Pr\u00e1cticos del Canal de Panam\u00e1","isPartOf":{"@id":"https:\/\/panamacanalpilots.com\/#website"},"datePublished":"2019-02-27T22:58:12+00:00","dateModified":"2019-02-27T22:58:13+00:00","breadcrumb":{"@id":"https:\/\/panamacanalpilots.com\/en\/contact-us\/#breadcrumb"},"inLanguage":"en-US","potentialAction":[{"@type":"ReadAction","target":["https:\/\/panamacanalpilots.com\/en\/contact-us\/"]}]},{"@type":"BreadcrumbList","@id":"https:\/\/panamacanalpilots.com\/en\/contact-us\/#breadcrumb","itemListElement":[{"@type":"ListItem","position":1,"name":"Portada","item":"https:\/\/panamacanalpilots.com\/en\/"},{"@type":"ListItem","position":2,"name":"Contact Us"}]},{"@type":"WebSite","@id":"https:\/\/panamacanalpilots.com\/#website","url":"https:\/\/panamacanalpilots.com\/","name":"Asociaci\u00f3n de Pr\u00e1cticos del Canal de Panam\u00e1","description":"Nuestra principal funci\u00f3n es garantizar un tr\u00e1nsito seguro y expedito, velando por el cumplimiento de las normas de navegaci\u00f3n locales e internacionales.","potentialAction":[{"@type":"SearchAction","target":{"@type":"EntryPoint","urlTemplate":"https:\/\/panamacanalpilots.com\/?s={search_term_string}"},"query-input":{"@type":"PropertyValueSpecification","valueRequired":true,"valueName":"search_term_string"}}],"inLanguage":"en-US"}]}},"_links":{"self":[{"href":"https:\/\/panamacanalpilots.com\/en\/wp-json\/wp\/v2\/pages\/1352","targetHints":{"allow":["GET"]}}],"collection":[{"href":"https:\/\/panamacanalpilots.com\/en\/wp-json\/wp\/v2\/pages"}],"about":[{"href":"https:\/\/panamacanalpilots.com\/en\/wp-json\/wp\/v2\/types\/page"}],"author":[{"embeddable":true,"href":"https:\/\/panamacanalpilots.com\/en\/wp-json\/wp\/v2\/users\/1"}],"replies":[{"embeddable":true,"href":"https:\/\/panamacanalpilots.com\/en\/wp-json\/wp\/v2\/comments?post=1352"}],"version-history":[{"count":2,"href":"https:\/\/panamacanalpilots.com\/en\/wp-json\/wp\/v2\/pages\/1352\/revisions"}],"predecessor-version":[{"id":1354,"href":"https:\/\/panamacanalpilots.com\/en\/wp-json\/wp\/v2\/pages\/1352\/revisions\/1354"}],"wp:attachment":[{"href":"https:\/\/panamacanalpilots.com\/en\/wp-json\/wp\/v2\/media?parent=1352"}],"curies":[{"name":"wp","href":"https:\/\/api.w.org\/{rel}","templated":true}]}}