{"id":1346,"date":"2019-02-27T22:28:47","date_gmt":"2019-02-27T22:28:47","guid":{"rendered":"http:\/\/panamacanalpilots.com\/es\/links-of-interest\/"},"modified":"2019-02-27T22:28:48","modified_gmt":"2019-02-27T22:28:48","slug":"links-of-interest","status":"publish","type":"page","link":"https:\/\/panamacanalpilots.com\/en\/links-of-interest\/","title":{"rendered":"Links of Interest"},"content":{"rendered":"<div class=\"wpb-content-wrapper\"><p>[vc_row gap=&#8221;30&#8243; equal_height=&#8221;yes&#8221; type=&#8221;vc_default&#8221; css=&#8221;.vc_custom_1495106153378{padding-top: 0px !important;padding-right: 25px !important;padding-bottom: 70px !important;padding-left: 25px !important;}&#8221;][vc_column width=&#8221;1\/2&#8243; css=&#8221;.vc_custom_1494951288995{padding-top: 30px !important;padding-right: 30px !important;padding-bottom: 30px !important;padding-left: 30px !important;background-color: #f4f4f4 !important;}&#8221; offset=&#8221;vc_col-lg-4 vc_col-md-4&#8243;]<style type=\"text\/css\" data-type=\"the7_shortcodes-inline-css\">.shortcode-single-image-wrap.shortcode-single-image-6ba8605d4eca5c6cd84fd036ea3d8dd8.enable-bg-rollover .rollover i,\n.shortcode-single-image-wrap.shortcode-single-image-6ba8605d4eca5c6cd84fd036ea3d8dd8.enable-bg-rollover .rollover-video i {\n  background: ;\n  background: -webkit-linear-gradient();\n  background: linear-gradient();\n}\n.shortcode-single-image-wrap.shortcode-single-image-6ba8605d4eca5c6cd84fd036ea3d8dd8 .rollover-icon {\n  font-size: 32px;\n  color: #ffffff;\n  min-width: 44px;\n  min-height: 44px;\n  line-height: 44px;\n  border-radius: 100px;\n  border-style: solid;\n  border-width: 0px;\n}\n.dt-icon-bg-on.shortcode-single-image-wrap.shortcode-single-image-6ba8605d4eca5c6cd84fd036ea3d8dd8 .rollover-icon {\n  background: rgba(255,255,255,0.3);\n  -webkit-box-shadow: none;\n  box-shadow: none;\n}<\/style><div class=\"shortcode-single-image-wrap shortcode-single-image-6ba8605d4eca5c6cd84fd036ea3d8dd8 alignnone  vc_custom_1551155175543 enable-bg-rollover dt-icon-bg-off\" ><div class=\"shortcode-single-image\"><div class=\"fancy-media-wrap\" style=\"\"><a href=\"http:\/\/www.impahq.org\" class=\" layzr-bg rollover\" style=\"\" target=\"_blank\" rel=\"noopener\" aria-label=\"Image\"><img decoding=\"async\" class=\"preload-me lazy-load aspect\" src=\"data:image\/svg+xml,%3Csvg%20xmlns%3D&#39;http%3A%2F%2Fwww.w3.org%2F2000%2Fsvg&#39;%20viewBox%3D&#39;0%200%20165%20110&#39;%2F%3E\" data-src=\"https:\/\/panamacanalpilots.com\/wp-content\/uploads\/2019\/01\/logo_impa_165x110.jpg\" data-srcset=\"https:\/\/panamacanalpilots.com\/wp-content\/uploads\/2019\/01\/logo_impa_165x110.jpg 165w\" loading=\"eager\" style=\"--ratio: 165 \/ 110\" sizes=\"(max-width: 165px) 100vw, 165px\" width=\"165\" height=\"110\"  data-dt-location=\"https:\/\/panamacanalpilots.com\/en\/home\/logo_impa_165x110\/\" alt=\"\" \/><\/a><\/div><\/div><\/div><div id=\"ultimate-heading-227469d3e0b07da16\" class=\"uvc-heading ult-adjust-bottom-margin ultimate-heading-227469d3e0b07da16 uvc-9803 accent-border-color\" data-hspacer=\"line_only\"  data-halign=\"center\" style=\"text-align:center\"><div class=\"uvc-heading-spacer line_only\" style=\"margin-top:30px;margin-bottom:20px;height:4px;\"><span class=\"uvc-headings-line\" style=\"border-style:solid;border-bottom-width:4px;border-color:;width:50px;\"><\/span><\/div><div class=\"uvc-main-heading ult-responsive\"  data-ultimate-target='.uvc-heading.ultimate-heading-227469d3e0b07da16 h2'  data-responsive-json-new='{\"font-size\":\"desktop:18px;\",\"line-height\":\"desktop:28px;\"}' ><h2 style=\"font-weight:bold;margin-bottom:10px;\">IMPA \u2013 International Maritime Pilots\u2019 Association<\/h2><\/div><\/div>[\/vc_column][vc_column width=&#8221;1\/2&#8243; css=&#8221;.vc_custom_1494951296945{padding-top: 30px !important;padding-right: 30px !important;padding-bottom: 30px !important;padding-left: 30px !important;background-color: #f4f4f4 !important;}&#8221; offset=&#8221;vc_col-lg-4 vc_col-md-4&#8243;]<style type=\"text\/css\" data-type=\"the7_shortcodes-inline-css\">.shortcode-single-image-wrap.shortcode-single-image-91ecfb1aeb81b2c441e10b0356781c63.enable-bg-rollover .rollover i,\n.shortcode-single-image-wrap.shortcode-single-image-91ecfb1aeb81b2c441e10b0356781c63.enable-bg-rollover .rollover-video i {\n  background: ;\n  background: -webkit-linear-gradient();\n  background: linear-gradient();\n}\n.shortcode-single-image-wrap.shortcode-single-image-91ecfb1aeb81b2c441e10b0356781c63 .rollover-icon {\n  font-size: 32px;\n  color: #ffffff;\n  min-width: 44px;\n  min-height: 44px;\n  line-height: 44px;\n  border-radius: 100px;\n  border-style: solid;\n  border-width: 0px;\n}\n.dt-icon-bg-on.shortcode-single-image-wrap.shortcode-single-image-91ecfb1aeb81b2c441e10b0356781c63 .rollover-icon {\n  background: rgba(255,255,255,0.3);\n  -webkit-box-shadow: none;\n  box-shadow: none;\n}<\/style><div class=\"shortcode-single-image-wrap shortcode-single-image-91ecfb1aeb81b2c441e10b0356781c63 alignnone  vc_custom_1551155226367 enable-bg-rollover dt-icon-bg-off\" ><div class=\"shortcode-single-image\"><div class=\"fancy-media-wrap\" style=\"\"><a href=\"http:\/\/www.itfglobal.org\" class=\" layzr-bg rollover\" style=\"\" target=\"_blank\" rel=\"noopener\" aria-label=\"Image\"><img decoding=\"async\" class=\"preload-me lazy-load aspect\" src=\"data:image\/svg+xml,%3Csvg%20xmlns%3D&#39;http%3A%2F%2Fwww.w3.org%2F2000%2Fsvg&#39;%20viewBox%3D&#39;0%200%20165%20110&#39;%2F%3E\" data-src=\"https:\/\/panamacanalpilots.com\/wp-content\/uploads\/2019\/01\/logo_itf_165x110.png\" data-srcset=\"https:\/\/panamacanalpilots.com\/wp-content\/uploads\/2019\/01\/logo_itf_165x110.png 165w\" loading=\"eager\" style=\"--ratio: 165 \/ 110\" sizes=\"(max-width: 165px) 100vw, 165px\" width=\"165\" height=\"110\"  data-dt-location=\"https:\/\/panamacanalpilots.com\/en\/home\/logo_itf_165x110\/\" alt=\"\" \/><\/a><\/div><\/div><\/div><div id=\"ultimate-heading-10169d3e0b07eb57\" class=\"uvc-heading ult-adjust-bottom-margin ultimate-heading-10169d3e0b07eb57 uvc-4696 accent-border-color\" data-hspacer=\"line_only\"  data-halign=\"center\" style=\"text-align:center\"><div class=\"uvc-heading-spacer line_only\" style=\"margin-top:30px;margin-bottom:20px;height:4px;\"><span class=\"uvc-headings-line\" style=\"border-style:solid;border-bottom-width:4px;border-color:;width:50px;\"><\/span><\/div><div class=\"uvc-main-heading ult-responsive\"  data-ultimate-target='.uvc-heading.ultimate-heading-10169d3e0b07eb57 h2'  data-responsive-json-new='{\"font-size\":\"desktop:18px;\",\"line-height\":\"desktop:28px;\"}' ><h2 style=\"font-weight:bold;margin-bottom:10px;\">ITF \u2013 International Transport Workers\u2019 Federation<\/h2><\/div><\/div>[\/vc_column][vc_column width=&#8221;1\/2&#8243; css=&#8221;.vc_custom_1494951305274{padding-top: 30px !important;padding-right: 30px !important;padding-bottom: 30px !important;padding-left: 30px !important;background-color: #f4f4f4 !important;}&#8221; offset=&#8221;vc_col-lg-4 vc_col-md-4&#8243;]<style type=\"text\/css\" data-type=\"the7_shortcodes-inline-css\">.shortcode-single-image-wrap.shortcode-single-image-16c2dcbeace5a7946b9a552f70c4a163.enable-bg-rollover .rollover i,\n.shortcode-single-image-wrap.shortcode-single-image-16c2dcbeace5a7946b9a552f70c4a163.enable-bg-rollover .rollover-video i {\n  background: ;\n  background: -webkit-linear-gradient();\n  background: linear-gradient();\n}\n.shortcode-single-image-wrap.shortcode-single-image-16c2dcbeace5a7946b9a552f70c4a163 .rollover-icon {\n  font-size: 32px;\n  color: #ffffff;\n  min-width: 44px;\n  min-height: 44px;\n  line-height: 44px;\n  border-radius: 100px;\n  border-style: solid;\n  border-width: 0px;\n}\n.dt-icon-bg-on.shortcode-single-image-wrap.shortcode-single-image-16c2dcbeace5a7946b9a552f70c4a163 .rollover-icon {\n  background: rgba(255,255,255,0.3);\n  -webkit-box-shadow: none;\n  box-shadow: none;\n}<\/style><div class=\"shortcode-single-image-wrap shortcode-single-image-16c2dcbeace5a7946b9a552f70c4a163 alignnone  vc_custom_1551155268514 enable-bg-rollover dt-icon-bg-off\" ><div class=\"shortcode-single-image\"><div class=\"fancy-media-wrap\" style=\"\"><a href=\"http:\/\/www.ilwu.org\" class=\" layzr-bg rollover\" style=\"\" target=\"_blank\" rel=\"noopener\" aria-label=\"Image\"><img decoding=\"async\" class=\"preload-me lazy-load aspect\" src=\"data:image\/svg+xml,%3Csvg%20xmlns%3D&#39;http%3A%2F%2Fwww.w3.org%2F2000%2Fsvg&#39;%20viewBox%3D&#39;0%200%20165%20110&#39;%2F%3E\" data-src=\"https:\/\/panamacanalpilots.com\/wp-content\/uploads\/2019\/01\/logo_ilwu_165x110.png\" data-srcset=\"https:\/\/panamacanalpilots.com\/wp-content\/uploads\/2019\/01\/logo_ilwu_165x110.png 165w\" loading=\"eager\" style=\"--ratio: 165 \/ 110\" sizes=\"(max-width: 165px) 100vw, 165px\" width=\"165\" height=\"110\"  data-dt-location=\"https:\/\/panamacanalpilots.com\/en\/home\/logo_ilwu_165x110\/\" alt=\"\" \/><\/a><\/div><\/div><\/div><div id=\"ultimate-heading-444369d3e0b07fcb4\" class=\"uvc-heading ult-adjust-bottom-margin ultimate-heading-444369d3e0b07fcb4 uvc-1135 accent-border-color\" data-hspacer=\"line_only\"  data-halign=\"center\" style=\"text-align:center\"><div class=\"uvc-heading-spacer line_only\" style=\"margin-top:30px;margin-bottom:20px;height:4px;\"><span class=\"uvc-headings-line\" style=\"border-style:solid;border-bottom-width:4px;border-color:;width:50px;\"><\/span><\/div><div class=\"uvc-main-heading ult-responsive\"  data-ultimate-target='.uvc-heading.ultimate-heading-444369d3e0b07fcb4 h2'  data-responsive-json-new='{\"font-size\":\"desktop:18px;\",\"line-height\":\"desktop:28px;\"}' ><h2 style=\"font-weight:bold;margin-bottom:10px;\">ILWU \u2013 International Longshore and Warehouse Union<\/h2><\/div><\/div>[\/vc_column][vc_column width=&#8221;1\/2&#8243; css=&#8221;.vc_custom_1494951313543{padding-top: 30px !important;padding-right: 30px !important;padding-bottom: 30px !important;padding-left: 30px !important;background-color: #f4f4f4 !important;}&#8221; offset=&#8221;vc_col-lg-4 vc_col-md-4&#8243;]<style type=\"text\/css\" data-type=\"the7_shortcodes-inline-css\">.shortcode-single-image-wrap.shortcode-single-image-6821200cfe969a726d3cdadc40f3aeb3.enable-bg-rollover .rollover i,\n.shortcode-single-image-wrap.shortcode-single-image-6821200cfe969a726d3cdadc40f3aeb3.enable-bg-rollover .rollover-video i {\n  background: ;\n  background: -webkit-linear-gradient();\n  background: linear-gradient();\n}\n.shortcode-single-image-wrap.shortcode-single-image-6821200cfe969a726d3cdadc40f3aeb3 .rollover-icon {\n  font-size: 32px;\n  color: #ffffff;\n  min-width: 44px;\n  min-height: 44px;\n  line-height: 44px;\n  border-radius: 100px;\n  border-style: solid;\n  border-width: 0px;\n}\n.dt-icon-bg-on.shortcode-single-image-wrap.shortcode-single-image-6821200cfe969a726d3cdadc40f3aeb3 .rollover-icon {\n  background: rgba(255,255,255,0.3);\n  -webkit-box-shadow: none;\n  box-shadow: none;\n}<\/style><div class=\"shortcode-single-image-wrap shortcode-single-image-6821200cfe969a726d3cdadc40f3aeb3 alignnone  vc_custom_1551155607291 enable-bg-rollover dt-icon-bg-off\" ><div class=\"shortcode-single-image\"><div class=\"fancy-media-wrap\" style=\"\"><a href=\"http:\/\/www.imo.org\" class=\" layzr-bg rollover\" style=\"\" target=\"_blank\" rel=\"noopener\" aria-label=\"Image\"><img decoding=\"async\" class=\"preload-me lazy-load aspect\" src=\"data:image\/svg+xml,%3Csvg%20xmlns%3D&#39;http%3A%2F%2Fwww.w3.org%2F2000%2Fsvg&#39;%20viewBox%3D&#39;0%200%20165%20110&#39;%2F%3E\" data-src=\"https:\/\/panamacanalpilots.com\/wp-content\/uploads\/2019\/02\/IMO_logo.png\" data-srcset=\"https:\/\/panamacanalpilots.com\/wp-content\/uploads\/2019\/02\/IMO_logo.png 165w\" loading=\"eager\" style=\"--ratio: 165 \/ 110\" sizes=\"(max-width: 165px) 100vw, 165px\" width=\"165\" height=\"110\"  data-dt-location=\"https:\/\/panamacanalpilots.com\/en\/interes\/imo_logo\/\" alt=\"\" \/><\/a><\/div><\/div><\/div><div id=\"ultimate-heading-962569d3e0b0877ad\" class=\"uvc-heading ult-adjust-bottom-margin ultimate-heading-962569d3e0b0877ad uvc-972 accent-border-color\" data-hspacer=\"line_only\"  data-halign=\"center\" style=\"text-align:center\"><div class=\"uvc-heading-spacer line_only\" style=\"margin-top:30px;margin-bottom:20px;height:4px;\"><span class=\"uvc-headings-line\" style=\"border-style:solid;border-bottom-width:4px;border-color:;width:50px;\"><\/span><\/div><div class=\"uvc-main-heading ult-responsive\"  data-ultimate-target='.uvc-heading.ultimate-heading-962569d3e0b0877ad h2'  data-responsive-json-new='{\"font-size\":\"desktop:18px;\",\"line-height\":\"desktop:28px;\"}' ><h2 style=\"font-weight:bold;margin-bottom:10px;\">IMO \u2013 International Maritime Organization<\/h2><\/div><\/div>[\/vc_column][vc_column width=&#8221;1\/2&#8243; css=&#8221;.vc_custom_1494951321905{padding-top: 30px !important;padding-right: 30px !important;padding-bottom: 30px !important;padding-left: 30px !important;background-color: #f4f4f4 !important;}&#8221; offset=&#8221;vc_col-lg-4 vc_col-md-4&#8243;]<style type=\"text\/css\" data-type=\"the7_shortcodes-inline-css\">.shortcode-single-image-wrap.shortcode-single-image-3d130bdfeef55efd05454cdbf4000f3d.enable-bg-rollover .rollover i,\n.shortcode-single-image-wrap.shortcode-single-image-3d130bdfeef55efd05454cdbf4000f3d.enable-bg-rollover .rollover-video i {\n  background: ;\n  background: -webkit-linear-gradient();\n  background: linear-gradient();\n}\n.shortcode-single-image-wrap.shortcode-single-image-3d130bdfeef55efd05454cdbf4000f3d .rollover-icon {\n  font-size: 32px;\n  color: #ffffff;\n  min-width: 44px;\n  min-height: 44px;\n  line-height: 44px;\n  border-radius: 100px;\n  border-style: solid;\n  border-width: 0px;\n}\n.dt-icon-bg-on.shortcode-single-image-wrap.shortcode-single-image-3d130bdfeef55efd05454cdbf4000f3d .rollover-icon {\n  background: rgba(255,255,255,0.3);\n  -webkit-box-shadow: none;\n  box-shadow: none;\n}<\/style><div class=\"shortcode-single-image-wrap shortcode-single-image-3d130bdfeef55efd05454cdbf4000f3d alignnone  vc_custom_1551155898489 enable-bg-rollover dt-icon-bg-off\" ><div class=\"shortcode-single-image\"><div class=\"fancy-media-wrap\" style=\"\"><a href=\"https:\/\/micanaldepanama.com\/\" class=\" layzr-bg rollover\" style=\"\" target=\"_blank\" rel=\"noopener\" aria-label=\"Image\"><img decoding=\"async\" class=\"preload-me lazy-load aspect\" src=\"data:image\/svg+xml,%3Csvg%20xmlns%3D&#39;http%3A%2F%2Fwww.w3.org%2F2000%2Fsvg&#39;%20viewBox%3D&#39;0%200%20165%20110&#39;%2F%3E\" data-src=\"https:\/\/panamacanalpilots.com\/wp-content\/uploads\/2019\/02\/ACP_logo-165x110.png\" data-srcset=\"https:\/\/panamacanalpilots.com\/wp-content\/uploads\/2019\/02\/ACP_logo-165x110.png 165w\" loading=\"eager\" style=\"--ratio: 165 \/ 110\" sizes=\"(max-width: 165px) 100vw, 165px\" width=\"165\" height=\"110\"  data-dt-location=\"https:\/\/panamacanalpilots.com\/en\/interes\/acp_logo\/\" alt=\"\" \/><\/a><\/div><\/div><\/div><div id=\"ultimate-heading-832269d3e0b08f7a3\" class=\"uvc-heading ult-adjust-bottom-margin ultimate-heading-832269d3e0b08f7a3 uvc-6475 accent-border-color\" data-hspacer=\"line_only\"  data-halign=\"center\" style=\"text-align:center\"><div class=\"uvc-heading-spacer line_only\" style=\"margin-top:30px;margin-bottom:20px;height:4px;\"><span class=\"uvc-headings-line\" style=\"border-style:solid;border-bottom-width:4px;border-color:;width:50px;\"><\/span><\/div><div class=\"uvc-main-heading ult-responsive\"  data-ultimate-target='.uvc-heading.ultimate-heading-832269d3e0b08f7a3 h2'  data-responsive-json-new='{\"font-size\":\"desktop:18px;\",\"line-height\":\"desktop:28px;\"}' ><h2 style=\"font-weight:bold;margin-bottom:10px;\">Panama Canal Authority<\/h2><\/div><\/div>[\/vc_column][\/vc_row][vc_row][vc_column][vc_column_text]<\/p>\n<p>[\/vc_column_text][\/vc_column][\/vc_row]<\/p>\n<\/div>","protected":false},"excerpt":{"rendered":"<p>[vc_row gap=&#8221;30&#8243; equal_height=&#8221;yes&#8221; type=&#8221;vc_default&#8221; css=&#8221;.vc_custom_1495106153378{padding-top: 0px !important;padding-right: 25px !important;padding-bottom: 70px !important;padding-left: 25px !important;}&#8221;][vc_column width=&#8221;1\/2&#8243; css=&#8221;.vc_custom_1494951288995{padding-top: 30px !important;padding-right: 30px !important;padding-bottom: 30px !important;padding-left: 30px !important;background-color: #f4f4f4 !important;}&#8221; offset=&#8221;vc_col-lg-4 vc_col-md-4&#8243;][\/vc_column][vc_column width=&#8221;1\/2&#8243; css=&#8221;.vc_custom_1494951296945{padding-top: 30px !important;padding-right: 30px !important;padding-bottom: 30px !important;padding-left: 30px !important;background-color: #f4f4f4 !important;}&#8221; offset=&#8221;vc_col-lg-4 vc_col-md-4&#8243;][\/vc_column][vc_column width=&#8221;1\/2&#8243; css=&#8221;.vc_custom_1494951305274{padding-top: 30px !important;padding-right: 30px !important;padding-bottom: 30px !important;padding-left: 30px !important;background-color: #f4f4f4 !important;}&#8221; offset=&#8221;vc_col-lg-4 vc_col-md-4&#8243;][\/vc_column][vc_column&hellip;<\/p>\n","protected":false},"author":1,"featured_media":0,"parent":0,"menu_order":0,"comment_status":"closed","ping_status":"closed","template":"","meta":{"footnotes":""},"class_list":["post-1346","page","type-page","status-publish","hentry","description-off"],"yoast_head":"<!-- This site is optimized with the Yoast SEO plugin v27.2 - https:\/\/yoast.com\/product\/yoast-seo-wordpress\/ -->\n<title>Links of Interest - Asociaci\u00f3n de Pr\u00e1cticos del Canal de Panam\u00e1<\/title>\n<meta name=\"robots\" content=\"index, follow, max-snippet:-1, max-image-preview:large, max-video-preview:-1\" \/>\n<link rel=\"canonical\" href=\"https:\/\/panamacanalpilots.com\/en\/links-of-interest\/\" \/>\n<meta property=\"og:locale\" content=\"en_US\" \/>\n<meta property=\"og:type\" content=\"article\" \/>\n<meta property=\"og:title\" content=\"Links of Interest - Asociaci\u00f3n de Pr\u00e1cticos del Canal de Panam\u00e1\" \/>\n<meta property=\"og:description\" content=\"[vc_row gap=&#8221;30&#8243; equal_height=&#8221;yes&#8221; type=&#8221;vc_default&#8221; css=&#8221;.vc_custom_1495106153378{padding-top: 0px !important;padding-right: 25px !important;padding-bottom: 70px !important;padding-left: 25px !important;}&#8221;][vc_column width=&#8221;1\/2&#8243; css=&#8221;.vc_custom_1494951288995{padding-top: 30px !important;padding-right: 30px !important;padding-bottom: 30px !important;padding-left: 30px !important;background-color: #f4f4f4 !important;}&#8221; offset=&#8221;vc_col-lg-4 vc_col-md-4&#8243;][\/vc_column][vc_column width=&#8221;1\/2&#8243; css=&#8221;.vc_custom_1494951296945{padding-top: 30px !important;padding-right: 30px !important;padding-bottom: 30px !important;padding-left: 30px !important;background-color: #f4f4f4 !important;}&#8221; offset=&#8221;vc_col-lg-4 vc_col-md-4&#8243;][\/vc_column][vc_column width=&#8221;1\/2&#8243; css=&#8221;.vc_custom_1494951305274{padding-top: 30px !important;padding-right: 30px !important;padding-bottom: 30px !important;padding-left: 30px !important;background-color: #f4f4f4 !important;}&#8221; offset=&#8221;vc_col-lg-4 vc_col-md-4&#8243;][\/vc_column][vc_column&hellip;\" \/>\n<meta property=\"og:url\" content=\"https:\/\/panamacanalpilots.com\/en\/links-of-interest\/\" \/>\n<meta property=\"og:site_name\" content=\"Asociaci\u00f3n de Pr\u00e1cticos del Canal de Panam\u00e1\" \/>\n<meta property=\"article:modified_time\" content=\"2019-02-27T22:28:48+00:00\" \/>\n<meta name=\"twitter:card\" content=\"summary_large_image\" \/>\n<meta name=\"twitter:label1\" content=\"Est. reading time\" \/>\n\t<meta name=\"twitter:data1\" content=\"3 minutes\" \/>\n<script type=\"application\/ld+json\" class=\"yoast-schema-graph\">{\"@context\":\"https:\/\/schema.org\",\"@graph\":[{\"@type\":\"WebPage\",\"@id\":\"https:\/\/panamacanalpilots.com\/en\/links-of-interest\/\",\"url\":\"https:\/\/panamacanalpilots.com\/en\/links-of-interest\/\",\"name\":\"Links of Interest - Asociaci\u00f3n de Pr\u00e1cticos del Canal de Panam\u00e1\",\"isPartOf\":{\"@id\":\"https:\/\/panamacanalpilots.com\/#website\"},\"datePublished\":\"2019-02-27T22:28:47+00:00\",\"dateModified\":\"2019-02-27T22:28:48+00:00\",\"breadcrumb\":{\"@id\":\"https:\/\/panamacanalpilots.com\/en\/links-of-interest\/#breadcrumb\"},\"inLanguage\":\"en-US\",\"potentialAction\":[{\"@type\":\"ReadAction\",\"target\":[\"https:\/\/panamacanalpilots.com\/en\/links-of-interest\/\"]}]},{\"@type\":\"BreadcrumbList\",\"@id\":\"https:\/\/panamacanalpilots.com\/en\/links-of-interest\/#breadcrumb\",\"itemListElement\":[{\"@type\":\"ListItem\",\"position\":1,\"name\":\"Portada\",\"item\":\"https:\/\/panamacanalpilots.com\/en\/\"},{\"@type\":\"ListItem\",\"position\":2,\"name\":\"Links of Interest\"}]},{\"@type\":\"WebSite\",\"@id\":\"https:\/\/panamacanalpilots.com\/#website\",\"url\":\"https:\/\/panamacanalpilots.com\/\",\"name\":\"Asociaci\u00f3n de Pr\u00e1cticos del Canal de Panam\u00e1\",\"description\":\"Nuestra principal funci\u00f3n es garantizar un tr\u00e1nsito seguro y expedito, velando por el cumplimiento de las normas de navegaci\u00f3n locales e internacionales.\",\"potentialAction\":[{\"@type\":\"SearchAction\",\"target\":{\"@type\":\"EntryPoint\",\"urlTemplate\":\"https:\/\/panamacanalpilots.com\/?s={search_term_string}\"},\"query-input\":{\"@type\":\"PropertyValueSpecification\",\"valueRequired\":true,\"valueName\":\"search_term_string\"}}],\"inLanguage\":\"en-US\"}]}<\/script>\n<!-- \/ Yoast SEO plugin. -->","yoast_head_json":{"title":"Links of Interest - Asociaci\u00f3n de Pr\u00e1cticos del Canal de Panam\u00e1","robots":{"index":"index","follow":"follow","max-snippet":"max-snippet:-1","max-image-preview":"max-image-preview:large","max-video-preview":"max-video-preview:-1"},"canonical":"https:\/\/panamacanalpilots.com\/en\/links-of-interest\/","og_locale":"en_US","og_type":"article","og_title":"Links of Interest - Asociaci\u00f3n de Pr\u00e1cticos del Canal de Panam\u00e1","og_description":"[vc_row gap=&#8221;30&#8243; equal_height=&#8221;yes&#8221; type=&#8221;vc_default&#8221; css=&#8221;.vc_custom_1495106153378{padding-top: 0px !important;padding-right: 25px !important;padding-bottom: 70px !important;padding-left: 25px !important;}&#8221;][vc_column width=&#8221;1\/2&#8243; css=&#8221;.vc_custom_1494951288995{padding-top: 30px !important;padding-right: 30px !important;padding-bottom: 30px !important;padding-left: 30px !important;background-color: #f4f4f4 !important;}&#8221; offset=&#8221;vc_col-lg-4 vc_col-md-4&#8243;][\/vc_column][vc_column width=&#8221;1\/2&#8243; css=&#8221;.vc_custom_1494951296945{padding-top: 30px !important;padding-right: 30px !important;padding-bottom: 30px !important;padding-left: 30px !important;background-color: #f4f4f4 !important;}&#8221; offset=&#8221;vc_col-lg-4 vc_col-md-4&#8243;][\/vc_column][vc_column width=&#8221;1\/2&#8243; css=&#8221;.vc_custom_1494951305274{padding-top: 30px !important;padding-right: 30px !important;padding-bottom: 30px !important;padding-left: 30px !important;background-color: #f4f4f4 !important;}&#8221; offset=&#8221;vc_col-lg-4 vc_col-md-4&#8243;][\/vc_column][vc_column&hellip;","og_url":"https:\/\/panamacanalpilots.com\/en\/links-of-interest\/","og_site_name":"Asociaci\u00f3n de Pr\u00e1cticos del Canal de Panam\u00e1","article_modified_time":"2019-02-27T22:28:48+00:00","twitter_card":"summary_large_image","twitter_misc":{"Est. reading time":"3 minutes"},"schema":{"@context":"https:\/\/schema.org","@graph":[{"@type":"WebPage","@id":"https:\/\/panamacanalpilots.com\/en\/links-of-interest\/","url":"https:\/\/panamacanalpilots.com\/en\/links-of-interest\/","name":"Links of Interest - Asociaci\u00f3n de Pr\u00e1cticos del Canal de Panam\u00e1","isPartOf":{"@id":"https:\/\/panamacanalpilots.com\/#website"},"datePublished":"2019-02-27T22:28:47+00:00","dateModified":"2019-02-27T22:28:48+00:00","breadcrumb":{"@id":"https:\/\/panamacanalpilots.com\/en\/links-of-interest\/#breadcrumb"},"inLanguage":"en-US","potentialAction":[{"@type":"ReadAction","target":["https:\/\/panamacanalpilots.com\/en\/links-of-interest\/"]}]},{"@type":"BreadcrumbList","@id":"https:\/\/panamacanalpilots.com\/en\/links-of-interest\/#breadcrumb","itemListElement":[{"@type":"ListItem","position":1,"name":"Portada","item":"https:\/\/panamacanalpilots.com\/en\/"},{"@type":"ListItem","position":2,"name":"Links of Interest"}]},{"@type":"WebSite","@id":"https:\/\/panamacanalpilots.com\/#website","url":"https:\/\/panamacanalpilots.com\/","name":"Asociaci\u00f3n de Pr\u00e1cticos del Canal de Panam\u00e1","description":"Nuestra principal funci\u00f3n es garantizar un tr\u00e1nsito seguro y expedito, velando por el cumplimiento de las normas de navegaci\u00f3n locales e internacionales.","potentialAction":[{"@type":"SearchAction","target":{"@type":"EntryPoint","urlTemplate":"https:\/\/panamacanalpilots.com\/?s={search_term_string}"},"query-input":{"@type":"PropertyValueSpecification","valueRequired":true,"valueName":"search_term_string"}}],"inLanguage":"en-US"}]}},"_links":{"self":[{"href":"https:\/\/panamacanalpilots.com\/en\/wp-json\/wp\/v2\/pages\/1346","targetHints":{"allow":["GET"]}}],"collection":[{"href":"https:\/\/panamacanalpilots.com\/en\/wp-json\/wp\/v2\/pages"}],"about":[{"href":"https:\/\/panamacanalpilots.com\/en\/wp-json\/wp\/v2\/types\/page"}],"author":[{"embeddable":true,"href":"https:\/\/panamacanalpilots.com\/en\/wp-json\/wp\/v2\/users\/1"}],"replies":[{"embeddable":true,"href":"https:\/\/panamacanalpilots.com\/en\/wp-json\/wp\/v2\/comments?post=1346"}],"version-history":[{"count":1,"href":"https:\/\/panamacanalpilots.com\/en\/wp-json\/wp\/v2\/pages\/1346\/revisions"}],"predecessor-version":[{"id":1347,"href":"https:\/\/panamacanalpilots.com\/en\/wp-json\/wp\/v2\/pages\/1346\/revisions\/1347"}],"wp:attachment":[{"href":"https:\/\/panamacanalpilots.com\/en\/wp-json\/wp\/v2\/media?parent=1346"}],"curies":[{"name":"wp","href":"https:\/\/api.w.org\/{rel}","templated":true}]}}